{"id":58,"date":"2020-02-27T10:30:07","date_gmt":"2020-02-27T09:30:07","guid":{"rendered":"http:\/\/laetitiadamiani.com\/?page_id=58"},"modified":"2023-02-06T16:47:17","modified_gmt":"2023-02-06T15:47:17","slug":"accueil","status":"publish","type":"page","link":"https:\/\/www.laetitiadamiani.com\/","title":{"rendered":"\u00c9DITO"},"content":{"rendered":"\t\t<div data-elementor-type=\"wp-page\" data-elementor-id=\"58\" class=\"elementor elementor-58\" data-elementor-settings=\"[]\">\n\t\t\t\t\t\t<div class=\"elementor-inner\">\n\t\t\t\t\t\t\t<div class=\"elementor-section-wrap\">\n\t\t\t\t\t\t\t<section class=\"elementor-section elementor-top-section elementor-element elementor-element-564e8a3 elementor-section-boxed elementor-section-height-default elementor-section-height-default\" data-id=\"564e8a3\" data-element_type=\"section\">\n\t\t\t\t\t\t<div class=\"elementor-container elementor-column-gap-default\">\n\t\t\t\t\t\t\t<div class=\"elementor-row\">\n\t\t\t\t\t<div class=\"elementor-column elementor-col-100 elementor-top-column elementor-element elementor-element-fdd9c64\" data-id=\"fdd9c64\" data-element_type=\"column\">\n\t\t\t<div class=\"elementor-column-wrap elementor-element-populated\">\n\t\t\t\t\t\t\t<div class=\"elementor-widget-wrap\">\n\t\t\t\t\t\t<div class=\"elementor-element elementor-element-868b297 elementor-widget elementor-widget-heading\" data-id=\"868b297\" data-element_type=\"widget\" data-widget_type=\"heading.default\">\n\t\t\t\t<div class=\"elementor-widget-container\">\n\t\t\t<h2 class=\"elementor-heading-title elementor-size-default\"><br>| ACCUEILLIR | \u00c9COUTER | ACCOMPAGNER<\/h2>\t\t<\/div>\n\t\t\t\t<\/div>\n\t\t\t\t\t\t<\/div>\n\t\t\t\t\t<\/div>\n\t\t<\/div>\n\t\t\t\t\t\t\t\t<\/div>\n\t\t\t\t\t<\/div>\n\t\t<\/section>\n\t\t\t\t<section class=\"elementor-section elementor-top-section elementor-element elementor-element-3cef7338 elementor-section-boxed elementor-section-height-default elementor-section-height-default\" data-id=\"3cef7338\" data-element_type=\"section\">\n\t\t\t\t\t\t<div class=\"elementor-container elementor-column-gap-default\">\n\t\t\t\t\t\t\t<div class=\"elementor-row\">\n\t\t\t\t\t<div class=\"elementor-column elementor-col-100 elementor-top-column elementor-element elementor-element-3aafd62e\" data-id=\"3aafd62e\" data-element_type=\"column\">\n\t\t\t<div class=\"elementor-column-wrap elementor-element-populated\">\n\t\t\t\t\t\t\t<div class=\"elementor-widget-wrap\">\n\t\t\t\t\t\t<div class=\"elementor-element elementor-element-460d77d4 elementor-widget elementor-widget-text-editor\" data-id=\"460d77d4\" data-element_type=\"widget\" data-widget_type=\"text-editor.default\">\n\t\t\t\t<div class=\"elementor-widget-container\">\n\t\t\t\t\t<div class=\"elementor-text-editor elementor-clearfix\"><p><!-- wp:paragraph --><\/p>\n<p>Je suis l\u00e0 pour vous accueillir, vous \u00e9couter, vous accompagner en tant que Psycho-Praticienne en Sophrologie Existentielle en cours de certification finale.<\/p><p>Je m&#8217;engage dans la relation en toute conscience. J\u2019aborde chaque relation avec respect et chaleur humaine. J&#8217;accueille chaque personne dans sa singularit\u00e9. Je me place dans un plein \u00e9tat de disponibilit\u00e9 afin de permettre \u00e0 ce moment v\u00e9cu ensemble, d\u2019\u00eatre un espace d&#8217;exp\u00e9riences, d\u2019\u00e9changes o\u00f9 la parole et les \u00e9motions peuvent s\u2019exprimer librement.<br><br>La vis\u00e9e de mon travail est d&#8217;accompagner, de cheminer en douceur avec la personne dans la travers\u00e9e de moments cl\u00e9s de son existence afin de lui permettre de s&#8217;autonomiser dans une nouvelle forme de vitalit\u00e9 corporelle et psychique. <br><br>L&#8217;accompagnement s&#8217;effectue dans la dur\u00e9e chacun \u00e0 son rythme et selon ses capacit\u00e9s : je m&#8217;appuie sur les techniques propres \u00e0 la Sophrologie Existentielle.<br><\/p><p><!-- \/wp:paragraph --><\/p><\/div>\n\t\t\t\t<\/div>\n\t\t\t\t<\/div>\n\t\t\t\t\t\t<\/div>\n\t\t\t\t\t<\/div>\n\t\t<\/div>\n\t\t\t\t\t\t\t\t<\/div>\n\t\t\t\t\t<\/div>\n\t\t<\/section>\n\t\t\t\t<section class=\"elementor-section elementor-top-section elementor-element elementor-element-a2ffe9e elementor-section-boxed elementor-section-height-default elementor-section-height-default\" data-id=\"a2ffe9e\" data-element_type=\"section\">\n\t\t\t\t\t\t<div class=\"elementor-container elementor-column-gap-default\">\n\t\t\t\t\t\t\t<div class=\"elementor-row\">\n\t\t\t\t\t<div class=\"elementor-column elementor-col-100 elementor-top-column elementor-element elementor-element-f1809ca\" data-id=\"f1809ca\" data-element_type=\"column\">\n\t\t\t<div class=\"elementor-column-wrap elementor-element-populated\">\n\t\t\t\t\t\t\t<div class=\"elementor-widget-wrap\">\n\t\t\t\t\t\t<div class=\"elementor-element elementor-element-da6a869 elementor-widget elementor-widget-text-editor\" data-id=\"da6a869\" data-element_type=\"widget\" data-widget_type=\"text-editor.default\">\n\t\t\t\t<div class=\"elementor-widget-container\">\n\t\t\t\t\t<div class=\"elementor-text-editor elementor-clearfix\"><p><strong>Se d\u00e9tendre<\/strong>, se ressourcer <br>Mobiliser et habiter son corps autrement, <strong>en douceur<\/strong> <br><strong>Soulager<\/strong> les tensions dues au stress, \u00e0 l\u2019anxi\u00e9t\u00e9<br> \u00c9changer, <strong>partager<\/strong> les v\u00e9cus, sortir de l\u2019isolement<br> Inventer une nouvelle mani\u00e8re d\u2019<strong>\u00eatre ensemble<\/strong> <br>Trouver de l\u2019<strong>apaisement<\/strong> en profondeur<\/p><\/div>\n\t\t\t\t<\/div>\n\t\t\t\t<\/div>\n\t\t\t\t\t\t<\/div>\n\t\t\t\t\t<\/div>\n\t\t<\/div>\n\t\t\t\t\t\t\t\t<\/div>\n\t\t\t\t\t<\/div>\n\t\t<\/section>\n\t\t\t\t<section class=\"elementor-section elementor-top-section elementor-element elementor-element-0095546 elementor-section-boxed elementor-section-height-default elementor-section-height-default\" data-id=\"0095546\" data-element_type=\"section\">\n\t\t\t\t\t\t<div class=\"elementor-container elementor-column-gap-default\">\n\t\t\t\t\t\t\t<div class=\"elementor-row\">\n\t\t\t\t\t<div class=\"elementor-column elementor-col-100 elementor-top-column elementor-element elementor-element-d17861e\" data-id=\"d17861e\" data-element_type=\"column\">\n\t\t\t<div class=\"elementor-column-wrap elementor-element-populated\">\n\t\t\t\t\t\t\t<div class=\"elementor-widget-wrap\">\n\t\t\t\t\t\t<div class=\"elementor-element elementor-element-04e5368 elementor-widget elementor-widget-heading\" data-id=\"04e5368\" data-element_type=\"widget\" data-widget_type=\"heading.default\">\n\t\t\t\t<div class=\"elementor-widget-container\">\n\t\t\t<h4 class=\"elementor-heading-title elementor-size-default\">| S\u00c9ANCES DE SOPHROLOGIE EXISTENTIELLE<\/h4>\t\t<\/div>\n\t\t\t\t<\/div>\n\t\t\t\t\t\t<\/div>\n\t\t\t\t\t<\/div>\n\t\t<\/div>\n\t\t\t\t\t\t\t\t<\/div>\n\t\t\t\t\t<\/div>\n\t\t<\/section>\n\t\t\t\t<section class=\"elementor-section elementor-top-section elementor-element elementor-element-5730c9b elementor-section-boxed elementor-section-height-default elementor-section-height-default\" data-id=\"5730c9b\" data-element_type=\"section\">\n\t\t\t\t\t\t<div class=\"elementor-container elementor-column-gap-default\">\n\t\t\t\t\t\t\t<div class=\"elementor-row\">\n\t\t\t\t\t<div class=\"elementor-column elementor-col-100 elementor-top-column elementor-element elementor-element-cfe4bd0\" data-id=\"cfe4bd0\" data-element_type=\"column\">\n\t\t\t<div class=\"elementor-column-wrap elementor-element-populated\">\n\t\t\t\t\t\t\t<div class=\"elementor-widget-wrap\">\n\t\t\t\t\t\t<div class=\"elementor-element elementor-element-0f9c585 elementor-widget elementor-widget-text-editor\" data-id=\"0f9c585\" data-element_type=\"widget\" data-widget_type=\"text-editor.default\">\n\t\t\t\t<div class=\"elementor-widget-container\">\n\t\t\t\t\t<div class=\"elementor-text-editor elementor-clearfix\"><p>\u00c0 travers la pratique de la Sophrologie Existentielle<strong> je vous propose du soutien<\/strong>.<\/p>\n<p>En nous donnant du temps pour souffler, en nous accordant un moment pour r\u00e9cup\u00e9rer dans un contexte propice \u00e0 la d\u00e9tente, nous prenons soin de nous. Durant cet intervalle de temps pour soi, nous re-convoquons nos ressources propres, nos capacit\u00e9s d\u2019adaptation et d\u2019engagement pour envisager plus sereinement nos perspectives d\u2019avenir, nos relations aux autres et \u00e0 notre environnement.<\/p>\n<p>Avec l&#8217;exp\u00e9rience, je peux attester que les bienfaits ressentis lors d\u2019une s\u00e9ance de Sophrologie Existentielle s\u2019inscrivent naturellement et durablement dans le v\u00e9cu du quotidien.<\/p>\n<p>Sans limite d\u2019\u00e2ge et \u00e0 chaque \u00ab \u00e2ge de la vie \u00bb, la Sophrologie Existentielle est accessible \u00e0 tous.<\/p>\n<p>Je propose un accompagnement individuel ou collectif pour les Particuliers et l&#8217;animation de Groupes pour les Associations &#8211; Entreprises &#8211; Collectivit\u00e9s et Institutions.<\/p><\/div>\n\t\t\t\t<\/div>\n\t\t\t\t<\/div>\n\t\t\t\t<div class=\"elementor-element elementor-element-f5ddc6a elementor-widget elementor-widget-text-editor\" data-id=\"f5ddc6a\" data-element_type=\"widget\" data-widget_type=\"text-editor.default\">\n\t\t\t\t<div class=\"elementor-widget-container\">\n\t\t\t\t\t<div class=\"elementor-text-editor elementor-clearfix\"><p><a href=\"https:\/\/www.laetitiadamiani.com\/index.php\/je-propose\/\"><strong> &gt; JE PROPOSE<\/strong><\/a><\/p><\/div>\n\t\t\t\t<\/div>\n\t\t\t\t<\/div>\n\t\t\t\t\t\t<\/div>\n\t\t\t\t\t<\/div>\n\t\t<\/div>\n\t\t\t\t\t\t\t\t<\/div>\n\t\t\t\t\t<\/div>\n\t\t<\/section>\n\t\t\t\t<section class=\"elementor-section elementor-top-section elementor-element elementor-element-88724a7 elementor-section-boxed elementor-section-height-default elementor-section-height-default\" data-id=\"88724a7\" data-element_type=\"section\">\n\t\t\t\t\t\t<div class=\"elementor-container elementor-column-gap-default\">\n\t\t\t\t\t\t\t<div class=\"elementor-row\">\n\t\t\t\t\t<div class=\"elementor-column elementor-col-100 elementor-top-column elementor-element elementor-element-68cc70f\" data-id=\"68cc70f\" data-element_type=\"column\">\n\t\t\t<div class=\"elementor-column-wrap elementor-element-populated\">\n\t\t\t\t\t\t\t<div class=\"elementor-widget-wrap\">\n\t\t\t\t\t\t<div class=\"elementor-element elementor-element-b616bd0 elementor-widget elementor-widget-heading\" data-id=\"b616bd0\" data-element_type=\"widget\" data-widget_type=\"heading.default\">\n\t\t\t\t<div class=\"elementor-widget-container\">\n\t\t\t<h4 class=\"elementor-heading-title elementor-size-default\">| CONTACT ET RENDEZ-VOUS<\/h4>\t\t<\/div>\n\t\t\t\t<\/div>\n\t\t\t\t\t\t<\/div>\n\t\t\t\t\t<\/div>\n\t\t<\/div>\n\t\t\t\t\t\t\t\t<\/div>\n\t\t\t\t\t<\/div>\n\t\t<\/section>\n\t\t\t\t<section class=\"elementor-section elementor-top-section elementor-element elementor-element-e5e93d9 elementor-section-boxed elementor-section-height-default elementor-section-height-default\" data-id=\"e5e93d9\" data-element_type=\"section\">\n\t\t\t\t\t\t<div class=\"elementor-container elementor-column-gap-default\">\n\t\t\t\t\t\t\t<div class=\"elementor-row\">\n\t\t\t\t\t<div class=\"elementor-column elementor-col-50 elementor-top-column elementor-element elementor-element-b019fea\" data-id=\"b019fea\" data-element_type=\"column\">\n\t\t\t<div class=\"elementor-column-wrap elementor-element-populated\">\n\t\t\t\t\t\t\t<div class=\"elementor-widget-wrap\">\n\t\t\t\t\t\t<div class=\"elementor-element elementor-element-1f0ec58 elementor-widget elementor-widget-text-editor\" data-id=\"1f0ec58\" data-element_type=\"widget\" data-widget_type=\"text-editor.default\">\n\t\t\t\t<div class=\"elementor-widget-container\">\n\t\t\t\t\t<div class=\"elementor-text-editor elementor-clearfix\"><p>Je vous re\u00e7ois \u00e0 ORTHEZ-SAINTE SUZANNE dans un local au calme pour un moment d\u00e9di\u00e9 \u00e0 vous accompagner corps et esprit vers le mieux-\u00eatre. <\/p>\n<p>La Sophrologie Existentielle se pratique en individuel, en collectif, en fonction des envies, des besoins, des moyens.<\/p>\n<div>Seule l&#8217;exp\u00e9rience d&#8217;une premi\u00e8re s\u00e9ance permet de ressentir l&#8217;int\u00e9r\u00eat de la Sophrologie\u00a0 pour soi.<\/div>\n<div>\u00a0<\/div>\n<div>Je suis \u00e0 votre \u00e9coute d\u00e8s le premier \u00e9change pour vos demandes, vos questionnements, vos renseignements au 06.37.44.69.32<\/div>\n<p>\u00a0<\/p><\/div>\n\t\t\t\t<\/div>\n\t\t\t\t<\/div>\n\t\t\t\t<div class=\"elementor-element elementor-element-6a9170c elementor-widget elementor-widget-text-editor\" data-id=\"6a9170c\" data-element_type=\"widget\" data-widget_type=\"text-editor.default\">\n\t\t\t\t<div class=\"elementor-widget-container\">\n\t\t\t\t\t<div class=\"elementor-text-editor elementor-clearfix\"><p><strong><a href=\"https:\/\/www.laetitiadamiani.com\/index.php\/je-suis-la\/\"> &gt; JE SUIS L\u00c0<\/a><\/strong><\/p><\/div>\n\t\t\t\t<\/div>\n\t\t\t\t<\/div>\n\t\t\t\t\t\t<\/div>\n\t\t\t\t\t<\/div>\n\t\t<\/div>\n\t\t\t\t<div class=\"elementor-column elementor-col-50 elementor-top-column elementor-element elementor-element-a1f9d06\" data-id=\"a1f9d06\" data-element_type=\"column\">\n\t\t\t<div class=\"elementor-column-wrap elementor-element-populated\">\n\t\t\t\t\t\t\t<div class=\"elementor-widget-wrap\">\n\t\t\t\t\t\t<div class=\"elementor-element elementor-element-f4db368 elementor-widget elementor-widget-image\" data-id=\"f4db368\" data-element_type=\"widget\" data-widget_type=\"image.default\">\n\t\t\t\t<div class=\"elementor-widget-container\">\n\t\t\t\t\t<div class=\"elementor-image\">\n\t\t\t\t\t\t\t\t\t\t<img width=\"512\" height=\"512\" src=\"https:\/\/www.laetitiadamiani.com\/wp-content\/uploads\/2020\/05\/SIGLE-LD-RVB-fond-transparent-512x512-1.png\" class=\"attachment-large size-large\" alt=\"icone site web laetitia damiani sophrologue\" loading=\"lazy\" srcset=\"https:\/\/www.laetitiadamiani.com\/wp-content\/uploads\/2020\/05\/SIGLE-LD-RVB-fond-transparent-512x512-1.png 512w, https:\/\/www.laetitiadamiani.com\/wp-content\/uploads\/2020\/05\/SIGLE-LD-RVB-fond-transparent-512x512-1-300x300.png 300w, https:\/\/www.laetitiadamiani.com\/wp-content\/uploads\/2020\/05\/SIGLE-LD-RVB-fond-transparent-512x512-1-150x150.png 150w\" sizes=\"100vw\" \/>\t\t\t\t\t\t\t\t\t\t\t<\/div>\n\t\t\t\t<\/div>\n\t\t\t\t<\/div>\n\t\t\t\t\t\t<\/div>\n\t\t\t\t\t<\/div>\n\t\t<\/div>\n\t\t\t\t\t\t\t\t<\/div>\n\t\t\t\t\t<\/div>\n\t\t<\/section>\n\t\t\t\t<section class=\"elementor-section elementor-top-section elementor-element elementor-element-e9cab32 elementor-section-boxed elementor-section-height-default elementor-section-height-default\" data-id=\"e9cab32\" data-element_type=\"section\">\n\t\t\t\t\t\t<div class=\"elementor-container elementor-column-gap-default\">\n\t\t\t\t\t\t\t<div class=\"elementor-row\">\n\t\t\t\t\t<div class=\"elementor-column elementor-col-100 elementor-top-column elementor-element elementor-element-2d9e7d4\" data-id=\"2d9e7d4\" data-element_type=\"column\">\n\t\t\t<div class=\"elementor-column-wrap elementor-element-populated\">\n\t\t\t\t\t\t\t<div class=\"elementor-widget-wrap\">\n\t\t\t\t\t\t<div class=\"elementor-element elementor-element-f9b0347 elementor-widget elementor-widget-text-editor\" data-id=\"f9b0347\" data-element_type=\"widget\" data-widget_type=\"text-editor.default\">\n\t\t\t\t<div class=\"elementor-widget-container\">\n\t\t\t\t\t<div class=\"elementor-text-editor elementor-clearfix\"><p>La Sophrologie Existentielle pratiqu\u00e9e dans un cadre professionnel et par un professionnel de la relation d\u2019aide, donne l\u2019occasion de se vivre autrement, ne serait-ce qu\u2019en acc\u00e9dant \u00e0 un \u00e9tat de conscience modifi\u00e9e c\u2019est-\u00e0-dire \u00e0 une l\u00e9g\u00e8re baisse de l\u2019\u00e9tat de vigilance.<\/p>\n<p>Elle invite \u00e0 mobiliser le corps, \u00e0 s\u2019int\u00e9resser au v\u00e9cu corporel en tant que support de l\u2019expression de l\u2019\u00eatre.<\/p>\n<p>Le Praticien en Sophrologie propose une m\u00e9thode \u00e0 laquelle se r\u00e9f\u00e9rer, sur laquelle prendre appui, qui vient soutenir l\u2019\u00eatre dans son projet de vie.<\/p><\/div>\n\t\t\t\t<\/div>\n\t\t\t\t<\/div>\n\t\t\t\t\t\t<\/div>\n\t\t\t\t\t<\/div>\n\t\t<\/div>\n\t\t\t\t\t\t\t\t<\/div>\n\t\t\t\t\t<\/div>\n\t\t<\/section>\n\t\t\t\t<section class=\"elementor-section elementor-top-section elementor-element elementor-element-0a3cf48 elementor-section-boxed elementor-section-height-default elementor-section-height-default\" data-id=\"0a3cf48\" data-element_type=\"section\">\n\t\t\t\t\t\t<div class=\"elementor-container elementor-column-gap-default\">\n\t\t\t\t\t\t\t<div class=\"elementor-row\">\n\t\t\t\t\t<div class=\"elementor-column elementor-col-100 elementor-top-column elementor-element elementor-element-5a3733c\" data-id=\"5a3733c\" data-element_type=\"column\">\n\t\t\t<div class=\"elementor-column-wrap elementor-element-populated\">\n\t\t\t\t\t\t\t<div class=\"elementor-widget-wrap\">\n\t\t\t\t\t\t<div class=\"elementor-element elementor-element-98646b2 elementor-widget elementor-widget-heading\" data-id=\"98646b2\" data-element_type=\"widget\" data-widget_type=\"heading.default\">\n\t\t\t\t<div class=\"elementor-widget-container\">\n\t\t\t<h4 class=\"elementor-heading-title elementor-size-default\">| SOUTIEN AUX AIDANTS<\/h4>\t\t<\/div>\n\t\t\t\t<\/div>\n\t\t\t\t\t\t<\/div>\n\t\t\t\t\t<\/div>\n\t\t<\/div>\n\t\t\t\t\t\t\t\t<\/div>\n\t\t\t\t\t<\/div>\n\t\t<\/section>\n\t\t\t\t<section class=\"elementor-section elementor-top-section elementor-element elementor-element-6969cab elementor-section-boxed elementor-section-height-default elementor-section-height-default\" data-id=\"6969cab\" data-element_type=\"section\">\n\t\t\t\t\t\t<div class=\"elementor-container elementor-column-gap-default\">\n\t\t\t\t\t\t\t<div class=\"elementor-row\">\n\t\t\t\t\t<div class=\"elementor-column elementor-col-100 elementor-top-column elementor-element elementor-element-8c23509\" data-id=\"8c23509\" data-element_type=\"column\">\n\t\t\t<div class=\"elementor-column-wrap elementor-element-populated\">\n\t\t\t\t\t\t\t<div class=\"elementor-widget-wrap\">\n\t\t\t\t\t\t<div class=\"elementor-element elementor-element-be0eea0 elementor-widget elementor-widget-text-editor\" data-id=\"be0eea0\" data-element_type=\"widget\" data-widget_type=\"text-editor.default\">\n\t\t\t\t<div class=\"elementor-widget-container\">\n\t\t\t\t\t<div class=\"elementor-text-editor elementor-clearfix\"><p>Les difficult\u00e9s rencontr\u00e9es par les proches aidants impactent leur sant\u00e9 physique et psychique. En r\u00e9ponse \u00e0 ces difficult\u00e9s, la Sophrologie Existentielle offre ce temps de r\u00e9pit, physique, psychique et affectif, ce temps pour soi qui manque tant, un besoin dont on n&#8217;a pas souvent conscience.<\/p>\n<p>En connaissance de cause, j\u2019encourage les Aidants \u00e0 se tourner vers des outils qui leur apportent du soutien et du soulagement en douceur et en respect.<\/p><p>NOUVEAU : le mardi \u00e015h, <b>s\u00e9ances collectives de Sophrologie pour les AIDANTS <\/b><br><\/p><\/div>\n\t\t\t\t<\/div>\n\t\t\t\t<\/div>\n\t\t\t\t<div class=\"elementor-element elementor-element-b08e6ad elementor-widget elementor-widget-text-editor\" data-id=\"b08e6ad\" data-element_type=\"widget\" data-widget_type=\"text-editor.default\">\n\t\t\t\t<div class=\"elementor-widget-container\">\n\t\t\t\t\t<div class=\"elementor-text-editor elementor-clearfix\"><p><strong><a href=\"https:\/\/www.laetitiadamiani.com\/index.php\/soutien-aux-aidants\/\"> &gt; SOPHROLOGIE POUR LES AIDANTS<\/a><\/strong><\/p><\/div>\n\t\t\t\t<\/div>\n\t\t\t\t<\/div>\n\t\t\t\t\t\t<\/div>\n\t\t\t\t\t<\/div>\n\t\t<\/div>\n\t\t\t\t\t\t\t\t<\/div>\n\t\t\t\t\t<\/div>\n\t\t<\/section>\n\t\t\t\t<section class=\"elementor-section elementor-top-section elementor-element elementor-element-d266149 elementor-section-boxed elementor-section-height-default elementor-section-height-default\" data-id=\"d266149\" data-element_type=\"section\">\n\t\t\t\t\t\t<div class=\"elementor-container elementor-column-gap-default\">\n\t\t\t\t\t\t\t<div class=\"elementor-row\">\n\t\t\t\t\t<div class=\"elementor-column elementor-col-100 elementor-top-column elementor-element elementor-element-89c2155\" data-id=\"89c2155\" data-element_type=\"column\">\n\t\t\t<div class=\"elementor-column-wrap elementor-element-populated\">\n\t\t\t\t\t\t\t<div class=\"elementor-widget-wrap\">\n\t\t\t\t\t\t<div class=\"elementor-element elementor-element-87ef132 elementor-widget elementor-widget-image\" data-id=\"87ef132\" data-element_type=\"widget\" data-widget_type=\"image.default\">\n\t\t\t\t<div class=\"elementor-widget-container\">\n\t\t\t\t\t<div class=\"elementor-image\">\n\t\t\t\t\t\t\t\t\t\t<img width=\"525\" height=\"154\" src=\"https:\/\/www.laetitiadamiani.com\/wp-content\/uploads\/2020\/10\/Halo-01-1024x300-1.jpg\" class=\"attachment-large size-large\" alt=\"\" loading=\"lazy\" srcset=\"https:\/\/www.laetitiadamiani.com\/wp-content\/uploads\/2020\/10\/Halo-01-1024x300-1.jpg 1024w, https:\/\/www.laetitiadamiani.com\/wp-content\/uploads\/2020\/10\/Halo-01-1024x300-1-300x88.jpg 300w, https:\/\/www.laetitiadamiani.com\/wp-content\/uploads\/2020\/10\/Halo-01-1024x300-1-768x225.jpg 768w\" sizes=\"100vw\" \/>\t\t\t\t\t\t\t\t\t\t\t<\/div>\n\t\t\t\t<\/div>\n\t\t\t\t<\/div>\n\t\t\t\t\t\t<\/div>\n\t\t\t\t\t<\/div>\n\t\t<\/div>\n\t\t\t\t\t\t\t\t<\/div>\n\t\t\t\t\t<\/div>\n\t\t<\/section>\n\t\t\t\t\t\t<\/div>\n\t\t\t\t\t\t<\/div>\n\t\t\t\t\t<\/div>\n\t\t","protected":false},"excerpt":{"rendered":"<p>| ACCUEILLIR | \u00c9COUTER | ACCOMPAGNER Je suis l\u00e0 pour vous accueillir, vous \u00e9couter, vous accompagner en tant que Psycho-Praticienne en Sophrologie Existentielle en cours de certification finale. Je m&#8217;engage dans la relation en toute conscience. J\u2019aborde chaque relation avec respect et chaleur humaine. J&#8217;accueille chaque personne dans sa singularit\u00e9. Je me place dans un &hellip; <\/p>\n<p class=\"link-more\"><a href=\"https:\/\/www.laetitiadamiani.com\/\" class=\"more-link\">Continuer la lecture<span class=\"screen-reader-text\"> de &laquo;&nbsp;\u00c9DITO&nbsp;&raquo;<\/span><\/a><\/p>\n","protected":false},"author":1,"featured_media":0,"parent":0,"menu_order":0,"comment_status":"closed","ping_status":"closed","template":"elementor_header_footer","meta":{"spay_email":""},"yoast_head":"<!-- This site is optimized with the Yoast SEO plugin v14.9 - https:\/\/yoast.com\/wordpress\/plugins\/seo\/ -->\n<title>\u00c9DITO - LAETITIA DAMIANI<\/title>\n<meta name=\"description\" content=\"Se d\u00e9tendre, se ressourcer en douceur, partager et \u00eatre ensemble. S\u00e9ances de Sophrologie Existentielle. Accompagnement Individuel ou Collectif sur rendez-vous en cabinet ou \u00e0 domicile.\" \/>\n<meta name=\"robots\" content=\"index, follow, max-snippet:-1, max-image-preview:large, max-video-preview:-1\" \/>\n<link rel=\"canonical\" href=\"https:\/\/www.laetitiadamiani.com\/\" \/>\n<meta property=\"og:locale\" content=\"fr_FR\" \/>\n<meta property=\"og:type\" content=\"article\" \/>\n<meta property=\"og:title\" content=\"\u00c9DITO - LAETITIA DAMIANI\" \/>\n<meta property=\"og:description\" content=\"Se d\u00e9tendre, se ressourcer en douceur, partager et \u00eatre ensemble. S\u00e9ances de Sophrologie Existentielle. Accompagnement Individuel ou Collectif sur rendez-vous en cabinet ou \u00e0 domicile.\" \/>\n<meta property=\"og:url\" content=\"https:\/\/www.laetitiadamiani.com\/\" \/>\n<meta property=\"og:site_name\" content=\"LAETITIA DAMIANI\" \/>\n<meta property=\"article:modified_time\" content=\"2023-02-06T15:47:17+00:00\" \/>\n<meta property=\"og:image\" content=\"https:\/\/www.laetitiadamiani.com\/wp-content\/uploads\/2020\/05\/SIGLE-LD-RVB-fond-transparent-512x512-1.png\" \/>\n<meta name=\"twitter:card\" content=\"summary_large_image\" \/>\n<script type=\"application\/ld+json\" class=\"yoast-schema-graph\">{\"@context\":\"https:\/\/schema.org\",\"@graph\":[{\"@type\":\"WebSite\",\"@id\":\"https:\/\/www.laetitiadamiani.com\/#website\",\"url\":\"https:\/\/www.laetitiadamiani.com\/\",\"name\":\"LAETITIA DAMIANI\",\"description\":\"VOUS ACCOMPAGNER AVEC UNE M\\u00c9THODE SUR MESURE &gt; SOPHROLOGIE EXISTENTIELLE \",\"potentialAction\":[{\"@type\":\"SearchAction\",\"target\":\"https:\/\/www.laetitiadamiani.com\/?s={search_term_string}\",\"query-input\":\"required name=search_term_string\"}],\"inLanguage\":\"fr-FR\"},{\"@type\":\"ImageObject\",\"@id\":\"https:\/\/www.laetitiadamiani.com\/#primaryimage\",\"inLanguage\":\"fr-FR\",\"url\":\"https:\/\/www.laetitiadamiani.com\/wp-content\/uploads\/2020\/05\/SIGLE-LD-RVB-fond-transparent-512x512-1.png\",\"width\":512,\"height\":512,\"caption\":\"icone site web laetitia damiani sophrologue\"},{\"@type\":\"WebPage\",\"@id\":\"https:\/\/www.laetitiadamiani.com\/#webpage\",\"url\":\"https:\/\/www.laetitiadamiani.com\/\",\"name\":\"\\u00c9DITO - LAETITIA DAMIANI\",\"isPartOf\":{\"@id\":\"https:\/\/www.laetitiadamiani.com\/#website\"},\"primaryImageOfPage\":{\"@id\":\"https:\/\/www.laetitiadamiani.com\/#primaryimage\"},\"datePublished\":\"2020-02-27T09:30:07+00:00\",\"dateModified\":\"2023-02-06T15:47:17+00:00\",\"description\":\"Se d\\u00e9tendre, se ressourcer en douceur, partager et \\u00eatre ensemble. S\\u00e9ances de Sophrologie Existentielle. Accompagnement Individuel ou Collectif sur rendez-vous en cabinet ou \\u00e0 domicile.\",\"inLanguage\":\"fr-FR\",\"potentialAction\":[{\"@type\":\"ReadAction\",\"target\":[\"https:\/\/www.laetitiadamiani.com\/\"]}]}]}<\/script>\n<!-- \/ Yoast SEO plugin. -->","_links":{"self":[{"href":"https:\/\/www.laetitiadamiani.com\/index.php\/wp-json\/wp\/v2\/pages\/58"}],"collection":[{"href":"https:\/\/www.laetitiadamiani.com\/index.php\/wp-json\/wp\/v2\/pages"}],"about":[{"href":"https:\/\/www.laetitiadamiani.com\/index.php\/wp-json\/wp\/v2\/types\/page"}],"author":[{"embeddable":true,"href":"https:\/\/www.laetitiadamiani.com\/index.php\/wp-json\/wp\/v2\/users\/1"}],"replies":[{"embeddable":true,"href":"https:\/\/www.laetitiadamiani.com\/index.php\/wp-json\/wp\/v2\/comments?post=58"}],"version-history":[{"count":45,"href":"https:\/\/www.laetitiadamiani.com\/index.php\/wp-json\/wp\/v2\/pages\/58\/revisions"}],"predecessor-version":[{"id":556,"href":"https:\/\/www.laetitiadamiani.com\/index.php\/wp-json\/wp\/v2\/pages\/58\/revisions\/556"}],"wp:attachment":[{"href":"https:\/\/www.laetitiadamiani.com\/index.php\/wp-json\/wp\/v2\/media?parent=58"}],"curies":[{"name":"wp","href":"https:\/\/api.w.org\/{rel}","templated":true}]}}