{"id":265,"date":"2020-09-23T12:06:47","date_gmt":"2020-09-23T10:06:47","guid":{"rendered":"https:\/\/www.laetitiadamiani.com\/?page_id=265"},"modified":"2020-10-26T16:04:34","modified_gmt":"2020-10-26T15:04:34","slug":"je-propose","status":"publish","type":"page","link":"https:\/\/www.laetitiadamiani.com\/index.php\/je-propose\/","title":{"rendered":"JE PROPOSE"},"content":{"rendered":"\t\t<div data-elementor-type=\"wp-page\" data-elementor-id=\"265\" class=\"elementor elementor-265\" data-elementor-settings=\"[]\">\n\t\t\t\t\t\t<div class=\"elementor-inner\">\n\t\t\t\t\t\t\t<div class=\"elementor-section-wrap\">\n\t\t\t\t\t\t\t<section class=\"elementor-section elementor-top-section elementor-element elementor-element-f012679 elementor-section-boxed elementor-section-height-default elementor-section-height-default\" data-id=\"f012679\" data-element_type=\"section\">\n\t\t\t\t\t\t<div class=\"elementor-container elementor-column-gap-default\">\n\t\t\t\t\t\t\t<div class=\"elementor-row\">\n\t\t\t\t\t<div class=\"elementor-column elementor-col-100 elementor-top-column elementor-element elementor-element-a0b6d75\" data-id=\"a0b6d75\" data-element_type=\"column\">\n\t\t\t<div class=\"elementor-column-wrap elementor-element-populated\">\n\t\t\t\t\t\t\t<div class=\"elementor-widget-wrap\">\n\t\t\t\t\t\t<div class=\"elementor-element elementor-element-65129e4 elementor-widget elementor-widget-heading\" data-id=\"65129e4\" data-element_type=\"widget\" data-widget_type=\"heading.default\">\n\t\t\t\t<div class=\"elementor-widget-container\">\n\t\t\t<h2 class=\"elementor-heading-title elementor-size-default\">| S\u00c9ANCES DE SOPHROLOGIE EXISTENTIELLE INDIVIDUELLES OU COLLECTIVES <\/h2>\t\t<\/div>\n\t\t\t\t<\/div>\n\t\t\t\t\t\t<\/div>\n\t\t\t\t\t<\/div>\n\t\t<\/div>\n\t\t\t\t\t\t\t\t<\/div>\n\t\t\t\t\t<\/div>\n\t\t<\/section>\n\t\t\t\t<section class=\"elementor-section elementor-top-section elementor-element elementor-element-c063902 elementor-section-boxed elementor-section-height-default elementor-section-height-default\" data-id=\"c063902\" data-element_type=\"section\">\n\t\t\t\t\t\t<div class=\"elementor-container elementor-column-gap-default\">\n\t\t\t\t\t\t\t<div class=\"elementor-row\">\n\t\t\t\t\t<div class=\"elementor-column elementor-col-100 elementor-top-column elementor-element elementor-element-58fd44d\" data-id=\"58fd44d\" data-element_type=\"column\">\n\t\t\t<div class=\"elementor-column-wrap elementor-element-populated\">\n\t\t\t\t\t\t\t<div class=\"elementor-widget-wrap\">\n\t\t\t\t\t\t<div class=\"elementor-element elementor-element-83346c4 elementor-widget elementor-widget-heading\" data-id=\"83346c4\" data-element_type=\"widget\" data-widget_type=\"heading.default\">\n\t\t\t\t<div class=\"elementor-widget-container\">\n\t\t\t<h3 class=\"elementor-heading-title elementor-size-default\">Je vous am\u00e8ne \u00e0 \u00eatre au plus pr\u00e8s de votre existence<\/h3>\t\t<\/div>\n\t\t\t\t<\/div>\n\t\t\t\t\t\t<\/div>\n\t\t\t\t\t<\/div>\n\t\t<\/div>\n\t\t\t\t\t\t\t\t<\/div>\n\t\t\t\t\t<\/div>\n\t\t<\/section>\n\t\t\t\t<section class=\"elementor-section elementor-top-section elementor-element elementor-element-f6ee4e8 elementor-section-boxed elementor-section-height-default elementor-section-height-default\" data-id=\"f6ee4e8\" data-element_type=\"section\">\n\t\t\t\t\t\t<div class=\"elementor-container elementor-column-gap-default\">\n\t\t\t\t\t\t\t<div class=\"elementor-row\">\n\t\t\t\t\t<div class=\"elementor-column elementor-col-100 elementor-top-column elementor-element elementor-element-787099a\" data-id=\"787099a\" data-element_type=\"column\">\n\t\t\t<div class=\"elementor-column-wrap elementor-element-populated\">\n\t\t\t\t\t\t\t<div class=\"elementor-widget-wrap\">\n\t\t\t\t\t\t<div class=\"elementor-element elementor-element-416f98e elementor-widget elementor-widget-heading\" data-id=\"416f98e\" data-element_type=\"widget\" data-widget_type=\"heading.default\">\n\t\t\t\t<div class=\"elementor-widget-container\">\n\t\t\t<h4 class=\"elementor-heading-title elementor-size-default\">| PRENDRE SOIN PAR L\u2019\u00c9COUTE ACTIVE<\/h4>\t\t<\/div>\n\t\t\t\t<\/div>\n\t\t\t\t\t\t<\/div>\n\t\t\t\t\t<\/div>\n\t\t<\/div>\n\t\t\t\t\t\t\t\t<\/div>\n\t\t\t\t\t<\/div>\n\t\t<\/section>\n\t\t\t\t<section class=\"elementor-section elementor-top-section elementor-element elementor-element-7528774 elementor-section-boxed elementor-section-height-default elementor-section-height-default\" data-id=\"7528774\" data-element_type=\"section\">\n\t\t\t\t\t\t<div class=\"elementor-container elementor-column-gap-default\">\n\t\t\t\t\t\t\t<div class=\"elementor-row\">\n\t\t\t\t\t<div class=\"elementor-column elementor-col-100 elementor-top-column elementor-element elementor-element-9b2ad9f\" data-id=\"9b2ad9f\" data-element_type=\"column\">\n\t\t\t<div class=\"elementor-column-wrap elementor-element-populated\">\n\t\t\t\t\t\t\t<div class=\"elementor-widget-wrap\">\n\t\t\t\t\t\t<div class=\"elementor-element elementor-element-6e7562b elementor-widget elementor-widget-text-editor\" data-id=\"6e7562b\" data-element_type=\"widget\" data-widget_type=\"text-editor.default\">\n\t\t\t\t<div class=\"elementor-widget-container\">\n\t\t\t\t\t<div class=\"elementor-text-editor elementor-clearfix\"><p>Prendre soin de la relation \u00e0 la personne afin de permettre \u00e0 chacun d\u2019\u00eatre accompagn\u00e9 avec humanit\u00e9 et dignit\u00e9 dans son parcours de vie est important pour moi. La Sophrologie Existentielle permet une approche centr\u00e9e sur la personne, caract\u00e9ris\u00e9e par la manifestation d\u2019un respect et d\u2019une confiance chaleureuse dans un climat propice \u00e0 l&#8217;apaisement et \u00e0 l&#8217;\u00e9coute.<\/p><p>&gt; <b>C\u2019est par l\u2019\u00e9coute active que j\u2019aborde chaque rencontre<\/b>, une attitude bas\u00e9e sur le questionnement et la reformulation afin de s\u2019assurer d\u2019avoir compris au mieux ce qui est transmis et de le signifier. Je vous accueille en vous \u00e9coutant vraiment, sans jugement, sans a priori.<\/p><\/div>\n\t\t\t\t<\/div>\n\t\t\t\t<\/div>\n\t\t\t\t\t\t<\/div>\n\t\t\t\t\t<\/div>\n\t\t<\/div>\n\t\t\t\t\t\t\t\t<\/div>\n\t\t\t\t\t<\/div>\n\t\t<\/section>\n\t\t\t\t<section class=\"elementor-section elementor-top-section elementor-element elementor-element-6631fa8 elementor-section-boxed elementor-section-height-default elementor-section-height-default\" data-id=\"6631fa8\" data-element_type=\"section\">\n\t\t\t\t\t\t<div class=\"elementor-container elementor-column-gap-default\">\n\t\t\t\t\t\t\t<div class=\"elementor-row\">\n\t\t\t\t\t<div class=\"elementor-column elementor-col-100 elementor-top-column elementor-element elementor-element-695a1cb\" data-id=\"695a1cb\" data-element_type=\"column\">\n\t\t\t<div class=\"elementor-column-wrap elementor-element-populated\">\n\t\t\t\t\t\t\t<div class=\"elementor-widget-wrap\">\n\t\t\t\t\t\t<div class=\"elementor-element elementor-element-469fbbf elementor-widget elementor-widget-text-editor\" data-id=\"469fbbf\" data-element_type=\"widget\" data-widget_type=\"text-editor.default\">\n\t\t\t\t<div class=\"elementor-widget-container\">\n\t\t\t\t\t<div class=\"elementor-text-editor elementor-clearfix\"><p>| <b>Je m\u2019int\u00e9resse \u00e0 vous<\/b>, dans votre singularit\u00e9, dans ce que vous vivez, tel que vous le ressentez.<\/p><\/div>\n\t\t\t\t<\/div>\n\t\t\t\t<\/div>\n\t\t\t\t\t\t<\/div>\n\t\t\t\t\t<\/div>\n\t\t<\/div>\n\t\t\t\t\t\t\t\t<\/div>\n\t\t\t\t\t<\/div>\n\t\t<\/section>\n\t\t\t\t<section class=\"elementor-section elementor-top-section elementor-element elementor-element-3a5ceee elementor-section-boxed elementor-section-height-default elementor-section-height-default\" data-id=\"3a5ceee\" data-element_type=\"section\">\n\t\t\t\t\t\t<div class=\"elementor-container elementor-column-gap-default\">\n\t\t\t\t\t\t\t<div class=\"elementor-row\">\n\t\t\t\t\t<div class=\"elementor-column elementor-col-100 elementor-top-column elementor-element elementor-element-8090123\" data-id=\"8090123\" data-element_type=\"column\">\n\t\t\t<div class=\"elementor-column-wrap elementor-element-populated\">\n\t\t\t\t\t\t\t<div class=\"elementor-widget-wrap\">\n\t\t\t\t\t\t<div class=\"elementor-element elementor-element-bf9cf7c elementor-widget elementor-widget-heading\" data-id=\"bf9cf7c\" data-element_type=\"widget\" data-widget_type=\"heading.default\">\n\t\t\t\t<div class=\"elementor-widget-container\">\n\t\t\t<h4 class=\"elementor-heading-title elementor-size-default\">| REDONNER CORPS \u00c0 NOTRE EXISTENCE<\/h4>\t\t<\/div>\n\t\t\t\t<\/div>\n\t\t\t\t\t\t<\/div>\n\t\t\t\t\t<\/div>\n\t\t<\/div>\n\t\t\t\t\t\t\t\t<\/div>\n\t\t\t\t\t<\/div>\n\t\t<\/section>\n\t\t\t\t<section class=\"elementor-section elementor-top-section elementor-element elementor-element-b910537 elementor-section-boxed elementor-section-height-default elementor-section-height-default\" data-id=\"b910537\" data-element_type=\"section\">\n\t\t\t\t\t\t<div class=\"elementor-container elementor-column-gap-default\">\n\t\t\t\t\t\t\t<div class=\"elementor-row\">\n\t\t\t\t\t<div class=\"elementor-column elementor-col-100 elementor-top-column elementor-element elementor-element-2050b1f\" data-id=\"2050b1f\" data-element_type=\"column\">\n\t\t\t<div class=\"elementor-column-wrap elementor-element-populated\">\n\t\t\t\t\t\t\t<div class=\"elementor-widget-wrap\">\n\t\t\t\t\t\t<div class=\"elementor-element elementor-element-a8747c7 elementor-widget elementor-widget-text-editor\" data-id=\"a8747c7\" data-element_type=\"widget\" data-widget_type=\"text-editor.default\">\n\t\t\t\t<div class=\"elementor-widget-container\">\n\t\t\t\t\t<div class=\"elementor-text-editor elementor-clearfix\"><p>Certaines p\u00e9riodes de vie et leurs al\u00e9as peuvent venir nous bousculer, nous d\u00e9stabiliser, impacter notre sant\u00e9 ou nous faire perdre le sens de notre existence, jusqu\u2019\u00e0 en oublier nos potentiels, ces pr\u00e9cieux points d\u2019appui. J\u2019ai confiance en l\u2019\u00eatre dans tout ce qu\u2019il a d\u2019humain, dans sa capacit\u00e9 \u00e0 surmonter des difficult\u00e9s en mobilisant ses ressources propres, ses moyens physiques, psychiques et affectifs.<\/p><p>La pratique de la Sophrologie Existentielle peut r\u00e9habiliter l\u2019\u00eatre en nous permettant de redonner corps \u00e0 notre existence, de se remettre en forme dans un juste \u00e9quilibre corps-esprit, dans une dynamisation positive de toutes nos possibilit\u00e9s.<\/p><p>&gt; Pour cela, <b>je valorise l\u2019approche sensorielle par l\u2019\u00e9veil des sens<\/b>, \u00e0 l\u2019\u00e9coute ou \u00e0 la red\u00e9couverte de vos propres \u00e9prouv\u00e9s, en mettant alternativement le corps en mouvement puis au repos, gagner en souplesse et en tonicit\u00e9.<\/p><\/div>\n\t\t\t\t<\/div>\n\t\t\t\t<\/div>\n\t\t\t\t\t\t<\/div>\n\t\t\t\t\t<\/div>\n\t\t<\/div>\n\t\t\t\t\t\t\t\t<\/div>\n\t\t\t\t\t<\/div>\n\t\t<\/section>\n\t\t\t\t<section class=\"elementor-section elementor-top-section elementor-element elementor-element-3c59e64 elementor-section-boxed elementor-section-height-default elementor-section-height-default\" data-id=\"3c59e64\" data-element_type=\"section\">\n\t\t\t\t\t\t<div class=\"elementor-container elementor-column-gap-default\">\n\t\t\t\t\t\t\t<div class=\"elementor-row\">\n\t\t\t\t\t<div class=\"elementor-column elementor-col-100 elementor-top-column elementor-element elementor-element-721bcfc\" data-id=\"721bcfc\" data-element_type=\"column\">\n\t\t\t<div class=\"elementor-column-wrap elementor-element-populated\">\n\t\t\t\t\t\t\t<div class=\"elementor-widget-wrap\">\n\t\t\t\t\t\t<div class=\"elementor-element elementor-element-51e4f4c elementor-widget elementor-widget-text-editor\" data-id=\"51e4f4c\" data-element_type=\"widget\" data-widget_type=\"text-editor.default\">\n\t\t\t\t<div class=\"elementor-widget-container\">\n\t\t\t\t\t<div class=\"elementor-text-editor elementor-clearfix\"><p>&nbsp;| Je m\u2019int\u00e9resse \u00e0 votre v\u00e9cu durant la s\u00e9ance, <b>je vous invite \u00e0 poser davantage de conscience<\/b> sur le v\u00e9cu votre quotidien.<\/p><\/div>\n\t\t\t\t<\/div>\n\t\t\t\t<\/div>\n\t\t\t\t\t\t<\/div>\n\t\t\t\t\t<\/div>\n\t\t<\/div>\n\t\t\t\t\t\t\t\t<\/div>\n\t\t\t\t\t<\/div>\n\t\t<\/section>\n\t\t\t\t<section class=\"elementor-section elementor-top-section elementor-element elementor-element-88b44ab elementor-section-boxed elementor-section-height-default elementor-section-height-default\" data-id=\"88b44ab\" data-element_type=\"section\">\n\t\t\t\t\t\t<div class=\"elementor-container elementor-column-gap-default\">\n\t\t\t\t\t\t\t<div class=\"elementor-row\">\n\t\t\t\t\t<div class=\"elementor-column elementor-col-100 elementor-top-column elementor-element elementor-element-b8ea8ce\" data-id=\"b8ea8ce\" data-element_type=\"column\">\n\t\t\t<div class=\"elementor-column-wrap elementor-element-populated\">\n\t\t\t\t\t\t\t<div class=\"elementor-widget-wrap\">\n\t\t\t\t\t\t<div class=\"elementor-element elementor-element-47d0acd elementor-widget elementor-widget-heading\" data-id=\"47d0acd\" data-element_type=\"widget\" data-widget_type=\"heading.default\">\n\t\t\t\t<div class=\"elementor-widget-container\">\n\t\t\t<h4 class=\"elementor-heading-title elementor-size-default\">| SE RELAXER, D\u00c9FOCALISER, ENCOURAGER<\/h4>\t\t<\/div>\n\t\t\t\t<\/div>\n\t\t\t\t\t\t<\/div>\n\t\t\t\t\t<\/div>\n\t\t<\/div>\n\t\t\t\t\t\t\t\t<\/div>\n\t\t\t\t\t<\/div>\n\t\t<\/section>\n\t\t\t\t<section class=\"elementor-section elementor-top-section elementor-element elementor-element-b1cbeb6 elementor-section-boxed elementor-section-height-default elementor-section-height-default\" data-id=\"b1cbeb6\" data-element_type=\"section\">\n\t\t\t\t\t\t<div class=\"elementor-container elementor-column-gap-default\">\n\t\t\t\t\t\t\t<div class=\"elementor-row\">\n\t\t\t\t\t<div class=\"elementor-column elementor-col-100 elementor-top-column elementor-element elementor-element-ebde830\" data-id=\"ebde830\" data-element_type=\"column\">\n\t\t\t<div class=\"elementor-column-wrap elementor-element-populated\">\n\t\t\t\t\t\t\t<div class=\"elementor-widget-wrap\">\n\t\t\t\t\t\t<div class=\"elementor-element elementor-element-6c8f7e5 elementor-widget elementor-widget-text-editor\" data-id=\"6c8f7e5\" data-element_type=\"widget\" data-widget_type=\"text-editor.default\">\n\t\t\t\t<div class=\"elementor-widget-container\">\n\t\t\t\t\t<div class=\"elementor-text-editor elementor-clearfix\"><p>Notre propos en Sophrologie Existentielle consiste en l\u2019am\u00e9nagement d\u2019un temps de pause d\u00e9di\u00e9 \u00e0 la relaxation globale du corps dans un \u00e9tat de pleine pr\u00e9sence pouvant s\u2019inscrire naturellement et durablement dans le quotidien.<\/p><p>En nous donnant du temps pour souffler, pour r\u00e9cup\u00e9rer, dans un contexte propice \u00e0 la d\u00e9tente, nous affinons notre conscience de soi, notre estime de soi. Nous renfor\u00e7ons nos capacit\u00e9s de concentration, de courage et d\u2019engagement pour envisager nos perspectives d\u2019avenir et de mouvement. Nous d\u00e9veloppons notre capacit\u00e9 d\u2019ouverture aux autres et au monde avec un positionnement ajust\u00e9.\u00a0<\/p><p>&gt; Le temps d\u2019une s\u00e9ance Sophrologie Existentielle peut suffire \u00e0 prendre des distances avec une situation donn\u00e9e, avec une routine qui s&#8217;est install\u00e9e, afin d&#8217;\u00e9largir des horizons et <b>laisser \u00e9merger &#8220;du nouveau&#8221; dans ce nouvel espace<\/b>. <\/p><\/div>\n\t\t\t\t<\/div>\n\t\t\t\t<\/div>\n\t\t\t\t\t\t<\/div>\n\t\t\t\t\t<\/div>\n\t\t<\/div>\n\t\t\t\t\t\t\t\t<\/div>\n\t\t\t\t\t<\/div>\n\t\t<\/section>\n\t\t\t\t<section class=\"elementor-section elementor-top-section elementor-element elementor-element-923f9aa elementor-section-boxed elementor-section-height-default elementor-section-height-default\" data-id=\"923f9aa\" data-element_type=\"section\">\n\t\t\t\t\t\t<div class=\"elementor-container elementor-column-gap-default\">\n\t\t\t\t\t\t\t<div class=\"elementor-row\">\n\t\t\t\t\t<div class=\"elementor-column elementor-col-100 elementor-top-column elementor-element elementor-element-754f6c0\" data-id=\"754f6c0\" data-element_type=\"column\">\n\t\t\t<div class=\"elementor-column-wrap elementor-element-populated\">\n\t\t\t\t\t\t\t<div class=\"elementor-widget-wrap\">\n\t\t\t\t\t\t<div class=\"elementor-element elementor-element-767ec60 elementor-widget elementor-widget-text-editor\" data-id=\"767ec60\" data-element_type=\"widget\" data-widget_type=\"text-editor.default\">\n\t\t\t\t<div class=\"elementor-widget-container\">\n\t\t\t\t\t<div class=\"elementor-text-editor elementor-clearfix\"><p>| Que ce soit en cabinet dans un lieu neutre ou \u00e0 votre domicile dans un lieu familier, <strong>je vous accompagne \u00e0 faire un \u00ab pas de c\u00f4t\u00e9 \u00bb<\/strong><strong><br \/><\/strong><\/p><\/div>\n\t\t\t\t<\/div>\n\t\t\t\t<\/div>\n\t\t\t\t\t\t<\/div>\n\t\t\t\t\t<\/div>\n\t\t<\/div>\n\t\t\t\t\t\t\t\t<\/div>\n\t\t\t\t\t<\/div>\n\t\t<\/section>\n\t\t\t\t<section class=\"elementor-section elementor-top-section elementor-element elementor-element-b544a51 elementor-section-boxed elementor-section-height-default elementor-section-height-default\" data-id=\"b544a51\" data-element_type=\"section\">\n\t\t\t\t\t\t<div class=\"elementor-container elementor-column-gap-default\">\n\t\t\t\t\t\t\t<div class=\"elementor-row\">\n\t\t\t\t\t<div class=\"elementor-column elementor-col-100 elementor-top-column elementor-element elementor-element-e9249c2\" data-id=\"e9249c2\" data-element_type=\"column\">\n\t\t\t<div class=\"elementor-column-wrap elementor-element-populated\">\n\t\t\t\t\t\t\t<div class=\"elementor-widget-wrap\">\n\t\t\t\t\t\t<div class=\"elementor-element elementor-element-bcb78f7 elementor-widget elementor-widget-image\" data-id=\"bcb78f7\" data-element_type=\"widget\" data-widget_type=\"image.default\">\n\t\t\t\t<div class=\"elementor-widget-container\">\n\t\t\t\t\t<div class=\"elementor-image\">\n\t\t\t\t\t\t\t\t\t\t<img width=\"525\" height=\"169\" src=\"https:\/\/www.laetitiadamiani.com\/wp-content\/uploads\/2020\/10\/halo-2-couverture-site-web-1349x434-1-1024x329.png\" class=\"attachment-large size-large\" alt=\"\" loading=\"lazy\" srcset=\"https:\/\/www.laetitiadamiani.com\/wp-content\/uploads\/2020\/10\/halo-2-couverture-site-web-1349x434-1-1024x329.png 1024w, https:\/\/www.laetitiadamiani.com\/wp-content\/uploads\/2020\/10\/halo-2-couverture-site-web-1349x434-1-300x97.png 300w, https:\/\/www.laetitiadamiani.com\/wp-content\/uploads\/2020\/10\/halo-2-couverture-site-web-1349x434-1-768x247.png 768w, https:\/\/www.laetitiadamiani.com\/wp-content\/uploads\/2020\/10\/halo-2-couverture-site-web-1349x434-1.png 1349w\" sizes=\"100vw\" \/>\t\t\t\t\t\t\t\t\t\t\t<\/div>\n\t\t\t\t<\/div>\n\t\t\t\t<\/div>\n\t\t\t\t\t\t<\/div>\n\t\t\t\t\t<\/div>\n\t\t<\/div>\n\t\t\t\t\t\t\t\t<\/div>\n\t\t\t\t\t<\/div>\n\t\t<\/section>\n\t\t\t\t\t\t<\/div>\n\t\t\t\t\t\t<\/div>\n\t\t\t\t\t<\/div>\n\t\t","protected":false},"excerpt":{"rendered":"<p>| S\u00c9ANCES DE SOPHROLOGIE EXISTENTIELLE INDIVIDUELLES OU COLLECTIVES Je vous am\u00e8ne \u00e0 \u00eatre au plus pr\u00e8s de votre existence | PRENDRE SOIN PAR L\u2019\u00c9COUTE ACTIVE Prendre soin de la relation \u00e0 la personne afin de permettre \u00e0 chacun d\u2019\u00eatre accompagn\u00e9 avec humanit\u00e9 et dignit\u00e9 dans son parcours de vie est important pour moi. La Sophrologie &hellip; <\/p>\n<p class=\"link-more\"><a href=\"https:\/\/www.laetitiadamiani.com\/index.php\/je-propose\/\" class=\"more-link\">Continuer la lecture<span class=\"screen-reader-text\"> de &laquo;&nbsp;JE PROPOSE&nbsp;&raquo;<\/span><\/a><\/p>\n","protected":false},"author":1,"featured_media":0,"parent":0,"menu_order":0,"comment_status":"closed","ping_status":"closed","template":"","meta":{"spay_email":""},"yoast_head":"<!-- This site is optimized with the Yoast SEO plugin v14.9 - https:\/\/yoast.com\/wordpress\/plugins\/seo\/ -->\n<title>JE PROPOSE - LAETITIA DAMIANI<\/title>\n<meta name=\"description\" content=\"S\u00e9ances de Sophrologie Existentielle individuelles ou collectives. Je vous am\u00e8ne \u00e0 \u00eatre au plus pr\u00e8s de votre existence. Je valorise l&#039;approche sensorielle par l\u2019\u00e9veil des sens, \u00e0 l\u2019\u00e9coute de votre situation, de votre besoin.\" \/>\n<meta name=\"robots\" content=\"index, follow, max-snippet:-1, max-image-preview:large, max-video-preview:-1\" \/>\n<link rel=\"canonical\" href=\"https:\/\/www.laetitiadamiani.com\/index.php\/je-propose\/\" \/>\n<meta property=\"og:locale\" content=\"fr_FR\" \/>\n<meta property=\"og:type\" content=\"article\" \/>\n<meta property=\"og:title\" content=\"JE PROPOSE - LAETITIA DAMIANI\" \/>\n<meta property=\"og:description\" content=\"S\u00e9ances de Sophrologie Existentielle individuelles ou collectives. Je vous am\u00e8ne \u00e0 \u00eatre au plus pr\u00e8s de votre existence. Je valorise l&#039;approche sensorielle par l\u2019\u00e9veil des sens, \u00e0 l\u2019\u00e9coute de votre situation, de votre besoin.\" \/>\n<meta property=\"og:url\" content=\"https:\/\/www.laetitiadamiani.com\/index.php\/je-propose\/\" \/>\n<meta property=\"og:site_name\" content=\"LAETITIA DAMIANI\" \/>\n<meta property=\"article:modified_time\" content=\"2020-10-26T15:04:34+00:00\" \/>\n<meta property=\"og:image\" content=\"https:\/\/www.laetitiadamiani.com\/wp-content\/uploads\/2020\/10\/halo-2-couverture-site-web-1349x434-1-1024x329.png\" \/>\n<meta name=\"twitter:card\" content=\"summary_large_image\" \/>\n<script type=\"application\/ld+json\" class=\"yoast-schema-graph\">{\"@context\":\"https:\/\/schema.org\",\"@graph\":[{\"@type\":\"WebSite\",\"@id\":\"https:\/\/www.laetitiadamiani.com\/#website\",\"url\":\"https:\/\/www.laetitiadamiani.com\/\",\"name\":\"LAETITIA DAMIANI\",\"description\":\"VOUS ACCOMPAGNER AVEC UNE M\\u00c9THODE SUR MESURE &gt; SOPHROLOGIE EXISTENTIELLE \",\"potentialAction\":[{\"@type\":\"SearchAction\",\"target\":\"https:\/\/www.laetitiadamiani.com\/?s={search_term_string}\",\"query-input\":\"required name=search_term_string\"}],\"inLanguage\":\"fr-FR\"},{\"@type\":\"ImageObject\",\"@id\":\"https:\/\/www.laetitiadamiani.com\/index.php\/je-propose\/#primaryimage\",\"inLanguage\":\"fr-FR\",\"url\":\"https:\/\/www.laetitiadamiani.com\/wp-content\/uploads\/2020\/10\/halo-2-couverture-site-web-1349x434-1.png\",\"width\":1349,\"height\":434},{\"@type\":\"WebPage\",\"@id\":\"https:\/\/www.laetitiadamiani.com\/index.php\/je-propose\/#webpage\",\"url\":\"https:\/\/www.laetitiadamiani.com\/index.php\/je-propose\/\",\"name\":\"JE PROPOSE - LAETITIA DAMIANI\",\"isPartOf\":{\"@id\":\"https:\/\/www.laetitiadamiani.com\/#website\"},\"primaryImageOfPage\":{\"@id\":\"https:\/\/www.laetitiadamiani.com\/index.php\/je-propose\/#primaryimage\"},\"datePublished\":\"2020-09-23T10:06:47+00:00\",\"dateModified\":\"2020-10-26T15:04:34+00:00\",\"description\":\"S\\u00e9ances de Sophrologie Existentielle individuelles ou collectives. Je vous am\\u00e8ne \\u00e0 \\u00eatre au plus pr\\u00e8s de votre existence. Je valorise l'approche sensorielle par l\\u2019\\u00e9veil des sens, \\u00e0 l\\u2019\\u00e9coute de votre situation, de votre besoin.\",\"inLanguage\":\"fr-FR\",\"potentialAction\":[{\"@type\":\"ReadAction\",\"target\":[\"https:\/\/www.laetitiadamiani.com\/index.php\/je-propose\/\"]}]}]}<\/script>\n<!-- \/ Yoast SEO plugin. -->","_links":{"self":[{"href":"https:\/\/www.laetitiadamiani.com\/index.php\/wp-json\/wp\/v2\/pages\/265"}],"collection":[{"href":"https:\/\/www.laetitiadamiani.com\/index.php\/wp-json\/wp\/v2\/pages"}],"about":[{"href":"https:\/\/www.laetitiadamiani.com\/index.php\/wp-json\/wp\/v2\/types\/page"}],"author":[{"embeddable":true,"href":"https:\/\/www.laetitiadamiani.com\/index.php\/wp-json\/wp\/v2\/users\/1"}],"replies":[{"embeddable":true,"href":"https:\/\/www.laetitiadamiani.com\/index.php\/wp-json\/wp\/v2\/comments?post=265"}],"version-history":[{"count":17,"href":"https:\/\/www.laetitiadamiani.com\/index.php\/wp-json\/wp\/v2\/pages\/265\/revisions"}],"predecessor-version":[{"id":467,"href":"https:\/\/www.laetitiadamiani.com\/index.php\/wp-json\/wp\/v2\/pages\/265\/revisions\/467"}],"wp:attachment":[{"href":"https:\/\/www.laetitiadamiani.com\/index.php\/wp-json\/wp\/v2\/media?parent=265"}],"curies":[{"name":"wp","href":"https:\/\/api.w.org\/{rel}","templated":true}]}}